{"id":1637,"date":"2024-12-03T10:50:51","date_gmt":"2024-12-03T09:50:51","guid":{"rendered":"https:\/\/liveactionlearning.com\/about-us\/"},"modified":"2025-04-03T14:17:08","modified_gmt":"2025-04-03T12:17:08","slug":"about-us","status":"publish","type":"page","link":"https:\/\/liveactionlearning.com\/en\/about-us\/","title":{"rendered":"About us"},"content":{"rendered":"<p><div class=\"fusion-fullwidth fullwidth-box fusion-builder-row-1 fusion-flex-container has-pattern-background has-mask-background nonhundred-percent-fullwidth non-hundred-percent-height-scrolling\" style=\"--awb-border-radius-top-left:0px;--awb-border-radius-top-right:0px;--awb-border-radius-bottom-right:0px;--awb-border-radius-bottom-left:0px;--awb-flex-wrap:wrap;\" ><div class=\"fusion-builder-row fusion-row fusion-flex-align-items-flex-start fusion-flex-content-wrap\" style=\"max-width:1456px;margin-left: calc(-4% \/ 2 );margin-right: calc(-4% \/ 2 );\"><div class=\"fusion-layout-column fusion_builder_column fusion-builder-column-0 fusion_builder_column_1_2 1_2 fusion-flex-column\" style=\"--awb-bg-size:cover;--awb-width-large:50%;--awb-margin-top-large:0px;--awb-spacing-right-large:3.84%;--awb-margin-bottom-large:20px;--awb-spacing-left-large:3.84%;--awb-width-medium:50%;--awb-order-medium:0;--awb-spacing-right-medium:3.84%;--awb-spacing-left-medium:3.84%;--awb-width-small:100%;--awb-order-small:0;--awb-spacing-right-small:1.92%;--awb-spacing-left-small:1.92%;\" data-scroll-devices=\"small-visibility,medium-visibility,large-visibility\"><div class=\"fusion-column-wrapper fusion-column-has-shadow fusion-flex-justify-content-flex-start fusion-content-layout-column\"><div class=\"fusion-image-element \" style=\"--awb-caption-title-font-family:var(--h2_typography-font-family);--awb-caption-title-font-weight:var(--h2_typography-font-weight);--awb-caption-title-font-style:var(--h2_typography-font-style);--awb-caption-title-size:var(--h2_typography-font-size);--awb-caption-title-transform:var(--h2_typography-text-transform);--awb-caption-title-line-height:var(--h2_typography-line-height);--awb-caption-title-letter-spacing:var(--h2_typography-letter-spacing);\"><span class=\" fusion-imageframe imageframe-none imageframe-1 hover-type-none\"><img decoding=\"async\" width=\"1531\" height=\"1532\" title=\"Anne &#038; Gijs\" src=\"http:\/\/liveactionlearning.com\/wp-content\/uploads\/2024\/12\/Anne-Gijs-scaled-e1734619555398.jpg\" alt class=\"img-responsive wp-image-1549\" srcset=\"https:\/\/liveactionlearning.com\/wp-content\/uploads\/2024\/12\/Anne-Gijs-scaled-e1734619555398-400x400.jpg 400w, https:\/\/liveactionlearning.com\/wp-content\/uploads\/2024\/12\/Anne-Gijs-scaled-e1734619555398-600x600.jpg 600w, https:\/\/liveactionlearning.com\/wp-content\/uploads\/2024\/12\/Anne-Gijs-scaled-e1734619555398.jpg 1531w\" sizes=\"(max-width: 768px) 100vw, 1531px\" \/><\/span><\/div><\/div><\/div><div class=\"fusion-layout-column fusion_builder_column fusion-builder-column-1 fusion_builder_column_1_2 1_2 fusion-flex-column\" style=\"--awb-bg-size:cover;--awb-width-large:50%;--awb-margin-top-large:0px;--awb-spacing-right-large:3.84%;--awb-margin-bottom-large:20px;--awb-spacing-left-large:3.84%;--awb-width-medium:50%;--awb-order-medium:0;--awb-spacing-right-medium:3.84%;--awb-spacing-left-medium:3.84%;--awb-width-small:100%;--awb-order-small:0;--awb-spacing-right-small:1.92%;--awb-spacing-left-small:1.92%;\"><div class=\"fusion-column-wrapper fusion-column-has-shadow fusion-flex-justify-content-flex-start fusion-content-layout-column\"><div class=\"fusion-text fusion-text-1\"><h4>About Anne<\/h4>\n<p>As a student, Anne already disliked lecture halls where one person would drone on endlessly to a group. Surely that couldn\u2019t be the best way to convey information? As a speechwriter and communication expert, she has mastered the art of speaking to a group as effectively as possible. But there are so many other ways to learn or convey a message. That\u2019s her motivation for Live Action Learning: to explore and implement more diverse learning methods and to seek out the very best form of learning.     <\/p>\n<h4>About Gijs<\/h4>\n<p>Play is the magic word for Gijs. Exploring what is and isn\u2019t possible. Going on adventures, getting lost, and finding your way back again. Experimenting with plenty of fun along the way. Following your imagination, but always grounded on a solid foundation. Analyzing why something works\u2014or doesn\u2019t. And aiming for tangible results: a change in a participant, an improvement in an organization. For years, Gijs has been combining creativity with expertise in this way.        <\/p>\n<h4>Together and not alone<\/h4>\n<p>Together, they design wonderfully beautiful experiences. And with others involved, they make them even better. We love collaborating with these people and companies.<\/p>\n<\/div><\/div><\/div><\/div><\/div><div class=\"fusion-fullwidth fullwidth-box fusion-builder-row-2 fusion-flex-container has-pattern-background has-mask-background nonhundred-percent-fullwidth non-hundred-percent-height-scrolling\" style=\"--awb-border-radius-top-left:0px;--awb-border-radius-top-right:0px;--awb-border-radius-bottom-right:0px;--awb-border-radius-bottom-left:0px;--awb-flex-wrap:wrap;\" ><div class=\"fusion-builder-row fusion-row fusion-flex-align-items-flex-start fusion-flex-content-wrap\" style=\"max-width:1456px;margin-left: calc(-4% \/ 2 );margin-right: calc(-4% \/ 2 );\"><div class=\"fusion-layout-column fusion_builder_column fusion-builder-column-2 fusion_builder_column_1_1 1_1 fusion-flex-column\" style=\"--awb-bg-size:cover;--awb-filter:opacity(80%);--awb-filter-transition:filter 0.3s ease;--awb-filter-hover:opacity(80%);--awb-width-large:100%;--awb-margin-top-large:0px;--awb-spacing-right-large:1.92%;--awb-margin-bottom-large:20px;--awb-spacing-left-large:1.92%;--awb-width-medium:100%;--awb-order-medium:0;--awb-spacing-right-medium:1.92%;--awb-spacing-left-medium:1.92%;--awb-width-small:100%;--awb-order-small:0;--awb-spacing-right-small:1.92%;--awb-spacing-left-small:1.92%;\" data-scroll-devices=\"small-visibility,medium-visibility,large-visibility\"><div class=\"fusion-column-wrapper fusion-column-has-shadow fusion-flex-justify-content-flex-start fusion-content-layout-column\"><div class=\"fusion-image-carousel fusion-image-carousel-fixed fusion-image-carousel-1 awb-image-carousel-top-below-caption\"><div class=\"awb-carousel awb-swiper awb-swiper-carousel awb-imageframe-style awb-imageframe-style-below awb-imageframe-style-1\" data-autoplay=\"yes\" data-columns=\"6\" data-itemmargin=\"40\" data-itemwidth=\"180\" data-touchscroll=\"no\" data-imagesize=\"fixed\" data-scrollitems=\"1\" style=\"--awb-columns:6;--awb-column-spacing:40px;\"><div class=\"swiper-wrapper awb-image-carousel-wrapper fusion-flex-align-items-center\"><div class=\"swiper-slide\"><div class=\"fusion-carousel-item-wrapper\"><div class=\"fusion-image-wrapper hover-type-none\"><img decoding=\"async\" width=\"367\" height=\"367\" src=\"https:\/\/liveactionlearning.com\/wp-content\/uploads\/2025\/01\/Ouderen-1-Jantine-e1736525207922.jpg\" class=\"attachment-blog-medium size-blog-medium\" alt=\"\" \/><\/div><div class=\"awb-imageframe-caption-container\"><div class=\"awb-imageframe-caption\"><h5 class=\"awb-imageframe-caption-title\">Jantine v\/d Bosch<\/h5><p class=\"awb-imageframe-caption-text\">Actor &amp; designer<\/p><\/div><\/div><\/div><\/div><div class=\"swiper-slide\"><div class=\"fusion-carousel-item-wrapper\"><div class=\"fusion-image-wrapper hover-type-none\"><img decoding=\"async\" width=\"1527\" height=\"1527\" src=\"https:\/\/liveactionlearning.com\/wp-content\/uploads\/2024\/12\/Matyas-e1735475900359.jpg\" class=\"attachment-blog-medium size-blog-medium\" alt=\"\" srcset=\"https:\/\/liveactionlearning.com\/wp-content\/uploads\/2024\/12\/Matyas-e1735475900359-400x400.jpg 400w, https:\/\/liveactionlearning.com\/wp-content\/uploads\/2024\/12\/Matyas-e1735475900359-600x600.jpg 600w, https:\/\/liveactionlearning.com\/wp-content\/uploads\/2024\/12\/Matyas-e1735475900359.jpg 1527w\" sizes=\"(min-width: 2200px) 100vw, (min-width: 1024px) 200px, (min-width: 947px) 240px, (min-width: 870px) 300px, (min-width: 794px) 400px, (min-width: 717px) 600px, (min-width: 640px) 717px, \" \/><\/div><div class=\"awb-imageframe-caption-container\"><div class=\"awb-imageframe-caption\"><h5 class=\"awb-imageframe-caption-title\">M\u00e1ty\u00e1s Harty\u00e1ndi<\/h5><p class=\"awb-imageframe-caption-text\">Leadership researcher<\/p><\/div><\/div><\/div><\/div><div class=\"swiper-slide\"><div class=\"fusion-carousel-item-wrapper\"><div class=\"fusion-image-wrapper hover-type-none\"><img decoding=\"async\" width=\"800\" height=\"800\" src=\"https:\/\/liveactionlearning.com\/wp-content\/uploads\/2025\/01\/Marthijn-de-Blaeij.jpeg\" class=\"attachment-blog-medium size-blog-medium\" alt=\"\" srcset=\"https:\/\/liveactionlearning.com\/wp-content\/uploads\/2025\/01\/Marthijn-de-Blaeij-400x400.jpeg 400w, https:\/\/liveactionlearning.com\/wp-content\/uploads\/2025\/01\/Marthijn-de-Blaeij-600x600.jpeg 600w, https:\/\/liveactionlearning.com\/wp-content\/uploads\/2025\/01\/Marthijn-de-Blaeij.jpeg 800w\" sizes=\"(min-width: 2200px) 100vw, (min-width: 1024px) 200px, (min-width: 947px) 240px, (min-width: 870px) 300px, (min-width: 794px) 400px, (min-width: 717px) 600px, (min-width: 640px) 717px, \" \/><\/div><div class=\"awb-imageframe-caption-container\"><div class=\"awb-imageframe-caption\"><h5 class=\"awb-imageframe-caption-title\">Marthijn de Blaeij<\/h5><p class=\"awb-imageframe-caption-text\">Game designer<\/p><\/div><\/div><\/div><\/div><div class=\"swiper-slide\"><div class=\"fusion-carousel-item-wrapper\"><div class=\"fusion-image-wrapper hover-type-none\"><img decoding=\"async\" width=\"800\" height=\"800\" src=\"https:\/\/liveactionlearning.com\/wp-content\/uploads\/2025\/01\/Sharona-Ceha.jpeg\" class=\"attachment-blog-medium size-blog-medium\" alt=\"\" srcset=\"https:\/\/liveactionlearning.com\/wp-content\/uploads\/2025\/01\/Sharona-Ceha-400x400.jpeg 400w, https:\/\/liveactionlearning.com\/wp-content\/uploads\/2025\/01\/Sharona-Ceha-600x600.jpeg 600w, https:\/\/liveactionlearning.com\/wp-content\/uploads\/2025\/01\/Sharona-Ceha.jpeg 800w\" sizes=\"(min-width: 2200px) 100vw, (min-width: 1024px) 200px, (min-width: 947px) 240px, (min-width: 870px) 300px, (min-width: 794px) 400px, (min-width: 717px) 600px, (min-width: 640px) 717px, \" \/><\/div><div class=\"awb-imageframe-caption-container\"><div class=\"awb-imageframe-caption\"><h5 class=\"awb-imageframe-caption-title\">Sharona Ceha<\/h5><p class=\"awb-imageframe-caption-text\">Consultant &amp; trainer<\/p><\/div><\/div><\/div><\/div><div class=\"swiper-slide\"><div class=\"fusion-carousel-item-wrapper\"><div class=\"fusion-image-wrapper hover-type-none\"><img decoding=\"async\" width=\"233\" height=\"233\" src=\"https:\/\/liveactionlearning.com\/wp-content\/uploads\/2025\/01\/edwin-van-koeverden-e1736525938562.webp\" class=\"attachment-blog-medium size-blog-medium\" alt=\"\" srcset=\"https:\/\/liveactionlearning.com\/wp-content\/uploads\/2025\/01\/edwin-van-koeverden-e1736525938562-150x150.webp 150w, https:\/\/liveactionlearning.com\/wp-content\/uploads\/2025\/01\/edwin-van-koeverden-e1736525938562.webp 233w\" sizes=\"(min-width: 2200px) 100vw, (min-width: 1024px) 200px, (min-width: 947px) 240px, (min-width: 870px) 300px, (min-width: 794px) 400px, (min-width: 717px) 600px, (min-width: 640px) 717px, \" \/><\/div><div class=\"awb-imageframe-caption-container\"><div class=\"awb-imageframe-caption\"><h5 class=\"awb-imageframe-caption-title\">Edwin van Koeverden<\/h5><p class=\"awb-imageframe-caption-text\">Actor<\/p><\/div><\/div><\/div><\/div><div class=\"swiper-slide\"><div class=\"fusion-carousel-item-wrapper\"><div class=\"fusion-image-wrapper hover-type-none\"><img decoding=\"async\" width=\"800\" height=\"800\" src=\"https:\/\/liveactionlearning.com\/wp-content\/uploads\/2025\/01\/Ruud-van-Wingerden.jpeg\" class=\"attachment-blog-medium size-blog-medium\" alt=\"\" srcset=\"https:\/\/liveactionlearning.com\/wp-content\/uploads\/2025\/01\/Ruud-van-Wingerden-400x400.jpeg 400w, https:\/\/liveactionlearning.com\/wp-content\/uploads\/2025\/01\/Ruud-van-Wingerden-600x600.jpeg 600w, https:\/\/liveactionlearning.com\/wp-content\/uploads\/2025\/01\/Ruud-van-Wingerden.jpeg 800w\" sizes=\"(min-width: 2200px) 100vw, (min-width: 1024px) 200px, (min-width: 947px) 240px, (min-width: 870px) 300px, (min-width: 794px) 400px, (min-width: 717px) 600px, (min-width: 640px) 717px, \" \/><\/div><div class=\"awb-imageframe-caption-container\"><div class=\"awb-imageframe-caption\"><h5 class=\"awb-imageframe-caption-title\">Ruud van Wingerden<\/h5><p class=\"awb-imageframe-caption-text\">Executive Coach<\/p><\/div><\/div><\/div><\/div><div class=\"swiper-slide\"><div class=\"fusion-carousel-item-wrapper\"><div class=\"fusion-image-wrapper hover-type-none\"><img decoding=\"async\" width=\"800\" height=\"800\" src=\"https:\/\/liveactionlearning.com\/wp-content\/uploads\/2025\/01\/Maartje-den-Hartog.jpeg\" class=\"attachment-blog-medium size-blog-medium\" alt=\"\" srcset=\"https:\/\/liveactionlearning.com\/wp-content\/uploads\/2025\/01\/Maartje-den-Hartog-400x400.jpeg 400w, https:\/\/liveactionlearning.com\/wp-content\/uploads\/2025\/01\/Maartje-den-Hartog-600x600.jpeg 600w, https:\/\/liveactionlearning.com\/wp-content\/uploads\/2025\/01\/Maartje-den-Hartog.jpeg 800w\" sizes=\"(min-width: 2200px) 100vw, (min-width: 1024px) 200px, (min-width: 947px) 240px, (min-width: 870px) 300px, (min-width: 794px) 400px, (min-width: 717px) 600px, (min-width: 640px) 717px, \" \/><\/div><div class=\"awb-imageframe-caption-container\"><div class=\"awb-imageframe-caption\"><h5 class=\"awb-imageframe-caption-title\">Maartje den Hartog<\/h5><p class=\"awb-imageframe-caption-text\">Executive Coach<\/p><\/div><\/div><\/div><\/div><div class=\"swiper-slide\"><div class=\"fusion-carousel-item-wrapper\"><div class=\"fusion-image-wrapper hover-type-none\"><img decoding=\"async\" width=\"800\" height=\"800\" src=\"https:\/\/liveactionlearning.com\/wp-content\/uploads\/2025\/01\/Vanes-Spee.jpeg\" class=\"attachment-blog-medium size-blog-medium\" alt=\"\" srcset=\"https:\/\/liveactionlearning.com\/wp-content\/uploads\/2025\/01\/Vanes-Spee-400x400.jpeg 400w, https:\/\/liveactionlearning.com\/wp-content\/uploads\/2025\/01\/Vanes-Spee-600x600.jpeg 600w, https:\/\/liveactionlearning.com\/wp-content\/uploads\/2025\/01\/Vanes-Spee.jpeg 800w\" sizes=\"(min-width: 2200px) 100vw, (min-width: 1024px) 200px, (min-width: 947px) 240px, (min-width: 870px) 300px, (min-width: 794px) 400px, (min-width: 717px) 600px, (min-width: 640px) 717px, \" \/><\/div><div class=\"awb-imageframe-caption-container\"><div class=\"awb-imageframe-caption\"><h5 class=\"awb-imageframe-caption-title\">Vanes Spee<\/h5><p class=\"awb-imageframe-caption-text\">Coach &amp; actor<\/p><\/div><\/div><\/div><\/div><div class=\"swiper-slide\"><div class=\"fusion-carousel-item-wrapper\"><div class=\"fusion-image-wrapper hover-type-none\"><img decoding=\"async\" width=\"800\" height=\"800\" src=\"https:\/\/liveactionlearning.com\/wp-content\/uploads\/2025\/01\/Laura-Ozinga.jpeg\" class=\"attachment-blog-medium size-blog-medium\" alt=\"\" srcset=\"https:\/\/liveactionlearning.com\/wp-content\/uploads\/2025\/01\/Laura-Ozinga-400x400.jpeg 400w, https:\/\/liveactionlearning.com\/wp-content\/uploads\/2025\/01\/Laura-Ozinga-600x600.jpeg 600w, https:\/\/liveactionlearning.com\/wp-content\/uploads\/2025\/01\/Laura-Ozinga.jpeg 800w\" sizes=\"(min-width: 2200px) 100vw, (min-width: 1024px) 200px, (min-width: 947px) 240px, (min-width: 870px) 300px, (min-width: 794px) 400px, (min-width: 717px) 600px, (min-width: 640px) 717px, \" \/><\/div><div class=\"awb-imageframe-caption-container\"><div class=\"awb-imageframe-caption\"><h5 class=\"awb-imageframe-caption-title\">Laura Ozinga<\/h5><p class=\"awb-imageframe-caption-text\">Imagineer &amp; trainer<\/p><\/div><\/div><\/div><\/div><\/div><\/div><\/div><\/div><\/div><\/div><\/div><\/p>\n","protected":false},"excerpt":{"rendered":"","protected":false},"author":2,"featured_media":1489,"parent":0,"menu_order":0,"comment_status":"closed","ping_status":"closed","template":"100-width.php","meta":{"_acf_changed":false,"footnotes":""},"class_list":["post-1637","page","type-page","status-publish","has-post-thumbnail","hentry"],"acf":[],"yoast_head":"<!-- This site is optimized with the Yoast SEO plugin v24.8.1 - https:\/\/yoast.com\/wordpress\/plugins\/seo\/ -->\n<title>About us - Live Action Learning<\/title>\n<meta name=\"robots\" content=\"index, follow, max-snippet:-1, max-image-preview:large, max-video-preview:-1\" \/>\n<link rel=\"canonical\" href=\"https:\/\/liveactionlearning.com\/en\/about-us\/\" \/>\n<meta property=\"og:locale\" content=\"en_US\" \/>\n<meta property=\"og:type\" content=\"article\" \/>\n<meta property=\"og:title\" content=\"About us - Live Action Learning\" \/>\n<meta property=\"og:url\" content=\"https:\/\/liveactionlearning.com\/en\/about-us\/\" \/>\n<meta property=\"og:site_name\" content=\"Live Action Learning\" \/>\n<meta property=\"article:modified_time\" content=\"2025-04-03T12:17:08+00:00\" \/>\n<meta name=\"twitter:card\" content=\"summary_large_image\" \/>\n<meta name=\"twitter:label1\" content=\"Est. reading time\" \/>\n\t<meta name=\"twitter:data1\" content=\"4 minutes\" \/>\n<script type=\"application\/ld+json\" class=\"yoast-schema-graph\">{\"@context\":\"https:\/\/schema.org\",\"@graph\":[{\"@type\":\"WebPage\",\"@id\":\"https:\/\/liveactionlearning.com\/en\/about-us\/\",\"url\":\"https:\/\/liveactionlearning.com\/en\/about-us\/\",\"name\":\"About us - Live Action Learning\",\"isPartOf\":{\"@id\":\"https:\/\/liveactionlearning.com\/en\/#website\"},\"primaryImageOfPage\":{\"@id\":\"https:\/\/liveactionlearning.com\/en\/about-us\/#primaryimage\"},\"image\":{\"@id\":\"https:\/\/liveactionlearning.com\/en\/about-us\/#primaryimage\"},\"thumbnailUrl\":\"https:\/\/liveactionlearning.com\/wp-content\/uploads\/2024\/12\/over-ons.svg\",\"datePublished\":\"2024-12-03T09:50:51+00:00\",\"dateModified\":\"2025-04-03T12:17:08+00:00\",\"breadcrumb\":{\"@id\":\"https:\/\/liveactionlearning.com\/en\/about-us\/#breadcrumb\"},\"inLanguage\":\"en-US\",\"potentialAction\":[{\"@type\":\"ReadAction\",\"target\":[\"https:\/\/liveactionlearning.com\/en\/about-us\/\"]}]},{\"@type\":\"ImageObject\",\"inLanguage\":\"en-US\",\"@id\":\"https:\/\/liveactionlearning.com\/en\/about-us\/#primaryimage\",\"url\":\"https:\/\/liveactionlearning.com\/wp-content\/uploads\/2024\/12\/over-ons.svg\",\"contentUrl\":\"https:\/\/liveactionlearning.com\/wp-content\/uploads\/2024\/12\/over-ons.svg\",\"width\":500,\"height\":500},{\"@type\":\"BreadcrumbList\",\"@id\":\"https:\/\/liveactionlearning.com\/en\/about-us\/#breadcrumb\",\"itemListElement\":[{\"@type\":\"ListItem\",\"position\":1,\"name\":\"Home\",\"item\":\"https:\/\/liveactionlearning.com\/en\/\"},{\"@type\":\"ListItem\",\"position\":2,\"name\":\"About us\"}]},{\"@type\":\"WebSite\",\"@id\":\"https:\/\/liveactionlearning.com\/en\/#website\",\"url\":\"https:\/\/liveactionlearning.com\/en\/\",\"name\":\"Live Action Learning\",\"description\":\"\",\"publisher\":{\"@id\":\"https:\/\/liveactionlearning.com\/en\/#organization\"},\"potentialAction\":[{\"@type\":\"SearchAction\",\"target\":{\"@type\":\"EntryPoint\",\"urlTemplate\":\"https:\/\/liveactionlearning.com\/en\/?s={search_term_string}\"},\"query-input\":{\"@type\":\"PropertyValueSpecification\",\"valueRequired\":true,\"valueName\":\"search_term_string\"}}],\"inLanguage\":\"en-US\"},{\"@type\":\"Organization\",\"@id\":\"https:\/\/liveactionlearning.com\/en\/#organization\",\"name\":\"Live Action Learning\",\"url\":\"https:\/\/liveactionlearning.com\/en\/\",\"logo\":{\"@type\":\"ImageObject\",\"inLanguage\":\"en-US\",\"@id\":\"https:\/\/liveactionlearning.com\/en\/#\/schema\/logo\/image\/\",\"url\":\"http:\/\/liveactionlearning.com\/wp-content\/uploads\/2024\/12\/Logo-LAL-Color-Tagline-Alt.svg\",\"contentUrl\":\"http:\/\/liveactionlearning.com\/wp-content\/uploads\/2024\/12\/Logo-LAL-Color-Tagline-Alt.svg\",\"width\":620,\"height\":113,\"caption\":\"Live Action Learning\"},\"image\":{\"@id\":\"https:\/\/liveactionlearning.com\/en\/#\/schema\/logo\/image\/\"}}]}<\/script>\n<!-- \/ Yoast SEO plugin. -->","yoast_head_json":{"title":"About us - Live Action Learning","robots":{"index":"index","follow":"follow","max-snippet":"max-snippet:-1","max-image-preview":"max-image-preview:large","max-video-preview":"max-video-preview:-1"},"canonical":"https:\/\/liveactionlearning.com\/en\/about-us\/","og_locale":"en_US","og_type":"article","og_title":"About us - Live Action Learning","og_url":"https:\/\/liveactionlearning.com\/en\/about-us\/","og_site_name":"Live Action Learning","article_modified_time":"2025-04-03T12:17:08+00:00","twitter_card":"summary_large_image","twitter_misc":{"Est. reading time":"4 minutes"},"schema":{"@context":"https:\/\/schema.org","@graph":[{"@type":"WebPage","@id":"https:\/\/liveactionlearning.com\/en\/about-us\/","url":"https:\/\/liveactionlearning.com\/en\/about-us\/","name":"About us - Live Action Learning","isPartOf":{"@id":"https:\/\/liveactionlearning.com\/en\/#website"},"primaryImageOfPage":{"@id":"https:\/\/liveactionlearning.com\/en\/about-us\/#primaryimage"},"image":{"@id":"https:\/\/liveactionlearning.com\/en\/about-us\/#primaryimage"},"thumbnailUrl":"https:\/\/liveactionlearning.com\/wp-content\/uploads\/2024\/12\/over-ons.svg","datePublished":"2024-12-03T09:50:51+00:00","dateModified":"2025-04-03T12:17:08+00:00","breadcrumb":{"@id":"https:\/\/liveactionlearning.com\/en\/about-us\/#breadcrumb"},"inLanguage":"en-US","potentialAction":[{"@type":"ReadAction","target":["https:\/\/liveactionlearning.com\/en\/about-us\/"]}]},{"@type":"ImageObject","inLanguage":"en-US","@id":"https:\/\/liveactionlearning.com\/en\/about-us\/#primaryimage","url":"https:\/\/liveactionlearning.com\/wp-content\/uploads\/2024\/12\/over-ons.svg","contentUrl":"https:\/\/liveactionlearning.com\/wp-content\/uploads\/2024\/12\/over-ons.svg","width":500,"height":500},{"@type":"BreadcrumbList","@id":"https:\/\/liveactionlearning.com\/en\/about-us\/#breadcrumb","itemListElement":[{"@type":"ListItem","position":1,"name":"Home","item":"https:\/\/liveactionlearning.com\/en\/"},{"@type":"ListItem","position":2,"name":"About us"}]},{"@type":"WebSite","@id":"https:\/\/liveactionlearning.com\/en\/#website","url":"https:\/\/liveactionlearning.com\/en\/","name":"Live Action Learning","description":"","publisher":{"@id":"https:\/\/liveactionlearning.com\/en\/#organization"},"potentialAction":[{"@type":"SearchAction","target":{"@type":"EntryPoint","urlTemplate":"https:\/\/liveactionlearning.com\/en\/?s={search_term_string}"},"query-input":{"@type":"PropertyValueSpecification","valueRequired":true,"valueName":"search_term_string"}}],"inLanguage":"en-US"},{"@type":"Organization","@id":"https:\/\/liveactionlearning.com\/en\/#organization","name":"Live Action Learning","url":"https:\/\/liveactionlearning.com\/en\/","logo":{"@type":"ImageObject","inLanguage":"en-US","@id":"https:\/\/liveactionlearning.com\/en\/#\/schema\/logo\/image\/","url":"http:\/\/liveactionlearning.com\/wp-content\/uploads\/2024\/12\/Logo-LAL-Color-Tagline-Alt.svg","contentUrl":"http:\/\/liveactionlearning.com\/wp-content\/uploads\/2024\/12\/Logo-LAL-Color-Tagline-Alt.svg","width":620,"height":113,"caption":"Live Action Learning"},"image":{"@id":"https:\/\/liveactionlearning.com\/en\/#\/schema\/logo\/image\/"}}]}},"_links":{"self":[{"href":"https:\/\/liveactionlearning.com\/en\/wp-json\/wp\/v2\/pages\/1637","targetHints":{"allow":["GET"]}}],"collection":[{"href":"https:\/\/liveactionlearning.com\/en\/wp-json\/wp\/v2\/pages"}],"about":[{"href":"https:\/\/liveactionlearning.com\/en\/wp-json\/wp\/v2\/types\/page"}],"author":[{"embeddable":true,"href":"https:\/\/liveactionlearning.com\/en\/wp-json\/wp\/v2\/users\/2"}],"replies":[{"embeddable":true,"href":"https:\/\/liveactionlearning.com\/en\/wp-json\/wp\/v2\/comments?post=1637"}],"version-history":[{"count":33,"href":"https:\/\/liveactionlearning.com\/en\/wp-json\/wp\/v2\/pages\/1637\/revisions"}],"predecessor-version":[{"id":2107,"href":"https:\/\/liveactionlearning.com\/en\/wp-json\/wp\/v2\/pages\/1637\/revisions\/2107"}],"wp:featuredmedia":[{"embeddable":true,"href":"https:\/\/liveactionlearning.com\/en\/wp-json\/wp\/v2\/media\/1489"}],"wp:attachment":[{"href":"https:\/\/liveactionlearning.com\/en\/wp-json\/wp\/v2\/media?parent=1637"}],"curies":[{"name":"wp","href":"https:\/\/api.w.org\/{rel}","templated":true}]}}